{"id":63885,"date":"2025-05-19T17:01:27","date_gmt":"2025-05-19T15:01:27","guid":{"rendered":"https:\/\/www.cana.org\/dans-votre-pays-drom\/"},"modified":"2025-09-01T15:10:29","modified_gmt":"2025-09-01T13:10:29","slug":"dans-votre-pays-drom","status":"publish","type":"page","link":"https:\/\/www.cana.org\/en\/dans-votre-pays-drom\/","title":{"rendered":"In your country \/ DROM*"},"content":{"rendered":"\n<p>* DROMs are overseas regions of France ( &#8220;D\u00e9partements et r\u00e9gions fran\u00e7ais d&#8217;outre-mer&#8221;) like La R\u00e9union, La Martinique, La Guadeloupe et La Guyane fran\u00e7aise. Cana manages them as countries.<\/p>\n\n\n\n<iframe class=\"ccn_map_iframe lazyload\" data-src=\"https:\/\/dam.chemin-neuf.net\/en\/iframe-map?lat=20.0355032&#038;lng=11.5405351&#038;zoom=2.5&#038;cat=cana-national&#038;btn=no\" src=\"data:image\/svg+xml;base64,PHN2ZyB3aWR0aD0iMSIgaGVpZ2h0PSIxIiB4bWxucz0iaHR0cDovL3d3dy53My5vcmcvMjAwMC9zdmciPjwvc3ZnPg==\" data-load-mode=\"1\"><\/iframe>\n","protected":false},"excerpt":{"rendered":"<p>* DROMs are overseas regions of France ( &#8220;D\u00e9partements et r\u00e9gions fran\u00e7ais d&#8217;outre-mer&#8221;) like La R\u00e9union, La Martinique, La Guadeloupe et La Guyane fran\u00e7aise. Cana manages them as countries.<\/p>\n","protected":false},"author":1,"featured_media":4135,"parent":0,"menu_order":0,"comment_status":"closed","ping_status":"closed","template":"","meta":{"_acf_changed":false,"footnotes":""},"class_list":["post-63885","page","type-page","status-publish","has-post-thumbnail","hentry"],"acf":[],"yoast_head":"<!-- This site is optimized with the Yoast SEO plugin v27.5 - https:\/\/yoast.com\/product\/yoast-seo-wordpress\/ -->\n<title>In your country \/ DROM* - CANA International<\/title>\n<meta name=\"description\" content=\"* DROMs are overseas regions of France ( &quot;D\u00e9partements et r\u00e9gions fran\u00e7ais d&#039;outre-mer&quot;) like La R\u00e9union, La Martinique, La Guadeloupe et La Guyane\" \/>\n<meta name=\"robots\" content=\"index, follow, max-snippet:-1, max-image-preview:large, max-video-preview:-1\" \/>\n<link rel=\"canonical\" href=\"https:\/\/www.cana.org\/en\/dans-votre-pays-drom\/\" \/>\n<meta property=\"og:locale\" content=\"en_US\" \/>\n<meta property=\"og:type\" content=\"article\" \/>\n<meta property=\"og:title\" content=\"In your country \/ DROM* - CANA International\" \/>\n<meta property=\"og:description\" content=\"* DROMs are overseas regions of France ( &quot;D\u00e9partements et r\u00e9gions fran\u00e7ais d&#039;outre-mer&quot;) like La R\u00e9union, La Martinique, La Guadeloupe et La Guyane\" \/>\n<meta property=\"og:url\" content=\"https:\/\/www.cana.org\/en\/dans-votre-pays-drom\/\" \/>\n<meta property=\"og:site_name\" content=\"CANA International\" \/>\n<meta property=\"article:publisher\" content=\"https:\/\/www.facebook.com\/Communaut%c3%a9-du-Chemin-Neuf-au-Canada-417217815001100\" \/>\n<meta property=\"article:modified_time\" content=\"2025-09-01T13:10:29+00:00\" \/>\n<meta property=\"og:image\" content=\"https:\/\/www.cana.org\/wp-content\/uploads\/2021\/03\/earth-NFG.jpg\" \/>\n\t<meta property=\"og:image:width\" content=\"1920\" \/>\n\t<meta property=\"og:image:height\" content=\"950\" \/>\n\t<meta property=\"og:image:type\" content=\"image\/jpeg\" \/>\n<meta name=\"twitter:card\" content=\"summary_large_image\" \/>\n<meta name=\"twitter:label1\" content=\"Est. reading time\" \/>\n\t<meta name=\"twitter:data1\" content=\"1 minute\" \/>\n<script type=\"application\/ld+json\" class=\"yoast-schema-graph\">{\"@context\":\"https:\\\/\\\/schema.org\",\"@graph\":[{\"@type\":\"WebPage\",\"@id\":\"https:\\\/\\\/www.cana.org\\\/en\\\/dans-votre-pays-drom\\\/\",\"url\":\"https:\\\/\\\/www.cana.org\\\/en\\\/dans-votre-pays-drom\\\/\",\"name\":\"In your country \\\/ DROM* - CANA International\",\"isPartOf\":{\"@id\":\"https:\\\/\\\/www.cana.org\\\/en\\\/#website\"},\"primaryImageOfPage\":{\"@id\":\"https:\\\/\\\/www.cana.org\\\/en\\\/dans-votre-pays-drom\\\/#primaryimage\"},\"image\":{\"@id\":\"https:\\\/\\\/www.cana.org\\\/en\\\/dans-votre-pays-drom\\\/#primaryimage\"},\"thumbnailUrl\":\"https:\\\/\\\/www.cana.org\\\/wp-content\\\/uploads\\\/2021\\\/03\\\/earth-NFG.jpg\",\"datePublished\":\"2025-05-19T15:01:27+00:00\",\"dateModified\":\"2025-09-01T13:10:29+00:00\",\"description\":\"* DROMs are overseas regions of France ( \\\"D\u00e9partements et r\u00e9gions fran\u00e7ais d'outre-mer\\\") like La R\u00e9union, La Martinique, La Guadeloupe et La Guyane\",\"breadcrumb\":{\"@id\":\"https:\\\/\\\/www.cana.org\\\/en\\\/dans-votre-pays-drom\\\/#breadcrumb\"},\"inLanguage\":\"en-US\",\"potentialAction\":[{\"@type\":\"ReadAction\",\"target\":[\"https:\\\/\\\/www.cana.org\\\/en\\\/dans-votre-pays-drom\\\/\"]}]},{\"@type\":\"ImageObject\",\"inLanguage\":\"en-US\",\"@id\":\"https:\\\/\\\/www.cana.org\\\/en\\\/dans-votre-pays-drom\\\/#primaryimage\",\"url\":\"https:\\\/\\\/www.cana.org\\\/wp-content\\\/uploads\\\/2021\\\/03\\\/earth-NFG.jpg\",\"contentUrl\":\"https:\\\/\\\/www.cana.org\\\/wp-content\\\/uploads\\\/2021\\\/03\\\/earth-NFG.jpg\",\"width\":1920,\"height\":950},{\"@type\":\"BreadcrumbList\",\"@id\":\"https:\\\/\\\/www.cana.org\\\/en\\\/dans-votre-pays-drom\\\/#breadcrumb\",\"itemListElement\":[{\"@type\":\"ListItem\",\"position\":1,\"name\":\"Home\",\"item\":\"https:\\\/\\\/www.cana.org\\\/en\\\/\"},{\"@type\":\"ListItem\",\"position\":2,\"name\":\"In your country \\\/ DROM*\"}]},{\"@type\":\"WebSite\",\"@id\":\"https:\\\/\\\/www.cana.org\\\/en\\\/#website\",\"url\":\"https:\\\/\\\/www.cana.org\\\/en\\\/\",\"name\":\"CANA International\",\"description\":\"CANA, pour mieux aimer. Un service de la Communaut\u00e9 du Chemin Neuf\",\"potentialAction\":[{\"@type\":\"SearchAction\",\"target\":{\"@type\":\"EntryPoint\",\"urlTemplate\":\"https:\\\/\\\/www.cana.org\\\/en\\\/?s={search_term_string}\"},\"query-input\":{\"@type\":\"PropertyValueSpecification\",\"valueRequired\":true,\"valueName\":\"search_term_string\"}}],\"inLanguage\":\"en-US\"}]}<\/script>\n<!-- \/ Yoast SEO plugin. -->","yoast_head_json":{"title":"In your country \/ DROM* - CANA International","description":"* DROMs are overseas regions of France ( \"D\u00e9partements et r\u00e9gions fran\u00e7ais d'outre-mer\") like La R\u00e9union, La Martinique, La Guadeloupe et La Guyane","robots":{"index":"index","follow":"follow","max-snippet":"max-snippet:-1","max-image-preview":"max-image-preview:large","max-video-preview":"max-video-preview:-1"},"canonical":"https:\/\/www.cana.org\/en\/dans-votre-pays-drom\/","og_locale":"en_US","og_type":"article","og_title":"In your country \/ DROM* - CANA International","og_description":"* DROMs are overseas regions of France ( \"D\u00e9partements et r\u00e9gions fran\u00e7ais d'outre-mer\") like La R\u00e9union, La Martinique, La Guadeloupe et La Guyane","og_url":"https:\/\/www.cana.org\/en\/dans-votre-pays-drom\/","og_site_name":"CANA International","article_publisher":"https:\/\/www.facebook.com\/Communaut%c3%a9-du-Chemin-Neuf-au-Canada-417217815001100","article_modified_time":"2025-09-01T13:10:29+00:00","og_image":[{"width":1920,"height":950,"url":"https:\/\/www.cana.org\/wp-content\/uploads\/2021\/03\/earth-NFG.jpg","type":"image\/jpeg"}],"twitter_card":"summary_large_image","twitter_misc":{"Est. reading time":"1 minute"},"schema":{"@context":"https:\/\/schema.org","@graph":[{"@type":"WebPage","@id":"https:\/\/www.cana.org\/en\/dans-votre-pays-drom\/","url":"https:\/\/www.cana.org\/en\/dans-votre-pays-drom\/","name":"In your country \/ DROM* - CANA International","isPartOf":{"@id":"https:\/\/www.cana.org\/en\/#website"},"primaryImageOfPage":{"@id":"https:\/\/www.cana.org\/en\/dans-votre-pays-drom\/#primaryimage"},"image":{"@id":"https:\/\/www.cana.org\/en\/dans-votre-pays-drom\/#primaryimage"},"thumbnailUrl":"https:\/\/www.cana.org\/wp-content\/uploads\/2021\/03\/earth-NFG.jpg","datePublished":"2025-05-19T15:01:27+00:00","dateModified":"2025-09-01T13:10:29+00:00","description":"* DROMs are overseas regions of France ( \"D\u00e9partements et r\u00e9gions fran\u00e7ais d'outre-mer\") like La R\u00e9union, La Martinique, La Guadeloupe et La Guyane","breadcrumb":{"@id":"https:\/\/www.cana.org\/en\/dans-votre-pays-drom\/#breadcrumb"},"inLanguage":"en-US","potentialAction":[{"@type":"ReadAction","target":["https:\/\/www.cana.org\/en\/dans-votre-pays-drom\/"]}]},{"@type":"ImageObject","inLanguage":"en-US","@id":"https:\/\/www.cana.org\/en\/dans-votre-pays-drom\/#primaryimage","url":"https:\/\/www.cana.org\/wp-content\/uploads\/2021\/03\/earth-NFG.jpg","contentUrl":"https:\/\/www.cana.org\/wp-content\/uploads\/2021\/03\/earth-NFG.jpg","width":1920,"height":950},{"@type":"BreadcrumbList","@id":"https:\/\/www.cana.org\/en\/dans-votre-pays-drom\/#breadcrumb","itemListElement":[{"@type":"ListItem","position":1,"name":"Home","item":"https:\/\/www.cana.org\/en\/"},{"@type":"ListItem","position":2,"name":"In your country \/ DROM*"}]},{"@type":"WebSite","@id":"https:\/\/www.cana.org\/en\/#website","url":"https:\/\/www.cana.org\/en\/","name":"CANA International","description":"CANA, pour mieux aimer. Un service de la Communaut\u00e9 du Chemin Neuf","potentialAction":[{"@type":"SearchAction","target":{"@type":"EntryPoint","urlTemplate":"https:\/\/www.cana.org\/en\/?s={search_term_string}"},"query-input":{"@type":"PropertyValueSpecification","valueRequired":true,"valueName":"search_term_string"}}],"inLanguage":"en-US"}]}},"_links":{"self":[{"href":"https:\/\/www.cana.org\/en\/wp-json\/wp\/v2\/pages\/63885","targetHints":{"allow":["GET"]}}],"collection":[{"href":"https:\/\/www.cana.org\/en\/wp-json\/wp\/v2\/pages"}],"about":[{"href":"https:\/\/www.cana.org\/en\/wp-json\/wp\/v2\/types\/page"}],"author":[{"embeddable":true,"href":"https:\/\/www.cana.org\/en\/wp-json\/wp\/v2\/users\/1"}],"replies":[{"embeddable":true,"href":"https:\/\/www.cana.org\/en\/wp-json\/wp\/v2\/comments?post=63885"}],"version-history":[{"count":2,"href":"https:\/\/www.cana.org\/en\/wp-json\/wp\/v2\/pages\/63885\/revisions"}],"predecessor-version":[{"id":63890,"href":"https:\/\/www.cana.org\/en\/wp-json\/wp\/v2\/pages\/63885\/revisions\/63890"}],"wp:featuredmedia":[{"embeddable":true,"href":"https:\/\/www.cana.org\/en\/wp-json\/wp\/v2\/media\/4135"}],"wp:attachment":[{"href":"https:\/\/www.cana.org\/en\/wp-json\/wp\/v2\/media?parent=63885"}],"curies":[{"name":"wp","href":"https:\/\/api.w.org\/{rel}","templated":true}]}}